{"id":1568,"date":"2023-05-06T17:02:43","date_gmt":"2023-05-06T17:02:43","guid":{"rendered":"https:\/\/www.willa-nad-potokiem.pl\/?page_id=1568"},"modified":"2023-07-15T17:41:29","modified_gmt":"2023-07-15T17:41:29","slug":"bialka-tatrzanska-pogoda","status":"publish","type":"page","link":"https:\/\/www.willa-nad-potokiem.pl\/index.php\/bialka-tatrzanska-pogoda\/","title":{"rendered":""},"content":{"rendered":"\n<h2 class=\"wp-block-heading has-text-align-center\">Prognoza pogody Zakopane na najbli\u017csze 4 dni <\/h2>\n\n\n\n<div class=\"wp-block-columns is-layout-flex wp-container-core-columns-is-layout-9d6595d7 wp-block-columns-is-layout-flex\">\n<div class=\"wp-block-column is-layout-flow wp-block-column-is-layout-flow\"><p><iframe loading=\"lazy\" width=\"734\" height=\"170\" seamless=\"\" frameborder=\"0\" scrolling=\"no\" src=\"https:\/\/docs.google.com\/spreadsheets\/d\/e\/2PACX-1vQaqPJtK6ZuTL9O_uOsGqrVVIESr7wb7aySezPdoQIzZjjlehGMNE-NRdKPUsNtYMK1sJJbRmulqVv_\/pubchart?oid=1761419652&amp;format=interactive\"><\/iframe><\/p>\n<\/div>\n<\/div>\n\n\n\n<p class=\"has-text-align-center\">Prawdopodobie\u0144stwo i jako\u015b\u0107 modeli prognozy pogody jest bardzo niska je\u015bli j\u0105 sprawdzamy wcze\u015bniej ni\u017c 3-4 dni przed danym dniem, wi\u0119c nie ma sensu jej sprawdza\u0107. Najlepiej jest sprawdza\u0107 pogod\u0119 w tym samym dniu bo np.deszcz mo\u017ce te\u017c si\u0119 przesun\u0105\u0107 na kolejne dni. Warto r\u00f3wnie\u017c zwraca\u0107 na milimetry (mm) opad\u00f3w w ci\u0105gi konkretnego dnia. Powy\u017cej 10 mm mo\u017cna ju\u017c odpu\u015bci\u0107 wyj\u015bcie w g\u00f3ry, a poni\u017cej wystarczy mie\u0107 ponczo, czapk\u0119 z daszkiem, nieprzemakalne buty powy\u017cej kostki oraz spodnie trekkingowe. Warto te\u017c zwr\u00f3ci\u0107 uwag\u0119 na fakt, \u017ce pogoda w g\u00f3rach jest bardzo zmienna i nag\u0142a wi\u0119c cz\u0119\u015bciej deszcz jest ulew\u0105, kt\u00f3r\u0105 mo\u017cna przeczeka\u0107, ni\u017c umiarkowanym deszczem padaj\u0105cym ca\u0142y dzie\u0144. <\/p>\n","protected":false},"excerpt":{"rendered":"<p>Prognoza pogody Zakopane na najbli\u017csze 4 dni Prawdopodobie\u0144stwo i jako\u015b\u0107 modeli prognozy pogody jest bardzo niska je\u015bli j\u0105 sprawdzamy wcze\u015bniej ni\u017c 3-4 dni przed danym dniem, wi\u0119c nie ma sensu jej sprawdza\u0107. Najlepiej jest sprawdza\u0107 pogod\u0119 w tym samym dniu bo np.deszcz mo\u017ce te\u017c si\u0119 przesun\u0105\u0107 na kolejne dni. Warto r\u00f3wnie\u017c zwraca\u0107 na milimetry (mm)&#8230; <\/p>\n<div class=\"clear\"><\/div>\n<p><a href=\"https:\/\/www.willa-nad-potokiem.pl\/index.php\/bialka-tatrzanska-pogoda\/\" class=\"excerpt-read-more\">Continue Reading<i class=\"fa fa-long-arrow-right icon-long-arrow-right\"><\/i><\/a><\/p>\n","protected":false},"author":1,"featured_media":0,"parent":0,"menu_order":0,"comment_status":"closed","ping_status":"closed","template":"","meta":{"_exactmetrics_skip_tracking":false,"_exactmetrics_sitenote_active":false,"_exactmetrics_sitenote_note":"","_exactmetrics_sitenote_category":0,"footnotes":""},"class_list":["post-1568","page","type-page","status-publish","hentry"],"yoast_head":"<!-- This site is optimized with the Yoast SEO plugin v26.8 - https:\/\/yoast.com\/product\/yoast-seo-wordpress\/ -->\n<title>- Willa Nad Potokiem<\/title>\n<meta name=\"robots\" content=\"index, follow, max-snippet:-1, max-image-preview:large, max-video-preview:-1\" \/>\n<link rel=\"canonical\" href=\"https:\/\/www.willa-nad-potokiem.pl\/index.php\/bialka-tatrzanska-pogoda\/\" \/>\n<meta property=\"og:locale\" content=\"pl_PL\" \/>\n<meta property=\"og:type\" content=\"article\" \/>\n<meta property=\"og:title\" content=\"- Willa Nad Potokiem\" \/>\n<meta property=\"og:description\" content=\"Prognoza pogody Zakopane na najbli\u017csze 4 dni Prawdopodobie\u0144stwo i jako\u015b\u0107 modeli prognozy pogody jest bardzo niska je\u015bli j\u0105 sprawdzamy wcze\u015bniej ni\u017c 3-4 dni przed danym dniem, wi\u0119c nie ma sensu jej sprawdza\u0107. Najlepiej jest sprawdza\u0107 pogod\u0119 w tym samym dniu bo np.deszcz mo\u017ce te\u017c si\u0119 przesun\u0105\u0107 na kolejne dni. Warto r\u00f3wnie\u017c zwraca\u0107 na milimetry (mm)... Continue Reading\" \/>\n<meta property=\"og:url\" content=\"https:\/\/www.willa-nad-potokiem.pl\/index.php\/bialka-tatrzanska-pogoda\/\" \/>\n<meta property=\"og:site_name\" content=\"Willa Nad Potokiem\" \/>\n<meta property=\"article:modified_time\" content=\"2023-07-15T17:41:29+00:00\" \/>\n<meta name=\"twitter:card\" content=\"summary_large_image\" \/>\n<meta name=\"twitter:label1\" content=\"Szacowany czas czytania\" \/>\n\t<meta name=\"twitter:data1\" content=\"1 minuta\" \/>\n<script type=\"application\/ld+json\" class=\"yoast-schema-graph\">{\"@context\":\"https:\/\/schema.org\",\"@graph\":[{\"@type\":\"WebPage\",\"@id\":\"https:\/\/www.willa-nad-potokiem.pl\/index.php\/bialka-tatrzanska-pogoda\/\",\"url\":\"https:\/\/www.willa-nad-potokiem.pl\/index.php\/bialka-tatrzanska-pogoda\/\",\"name\":\"- Willa Nad Potokiem\",\"isPartOf\":{\"@id\":\"https:\/\/www.willa-nad-potokiem.pl\/#website\"},\"datePublished\":\"2023-05-06T17:02:43+00:00\",\"dateModified\":\"2023-07-15T17:41:29+00:00\",\"inLanguage\":\"pl-PL\",\"potentialAction\":[{\"@type\":\"ReadAction\",\"target\":[\"https:\/\/www.willa-nad-potokiem.pl\/index.php\/bialka-tatrzanska-pogoda\/\"]}]},{\"@type\":\"WebSite\",\"@id\":\"https:\/\/www.willa-nad-potokiem.pl\/#website\",\"url\":\"https:\/\/www.willa-nad-potokiem.pl\/\",\"name\":\"Willa Nad Potokiem\",\"description\":\"nocleg w centrum Bia\u0142ki Tatrza\u0144skiej (bez po\u015brednik&oacute;w)\",\"potentialAction\":[{\"@type\":\"SearchAction\",\"target\":{\"@type\":\"EntryPoint\",\"urlTemplate\":\"https:\/\/www.willa-nad-potokiem.pl\/?s={search_term_string}\"},\"query-input\":{\"@type\":\"PropertyValueSpecification\",\"valueRequired\":true,\"valueName\":\"search_term_string\"}}],\"inLanguage\":\"pl-PL\"}]}<\/script>\n<!-- \/ Yoast SEO plugin. -->","yoast_head_json":{"title":"- Willa Nad Potokiem","robots":{"index":"index","follow":"follow","max-snippet":"max-snippet:-1","max-image-preview":"max-image-preview:large","max-video-preview":"max-video-preview:-1"},"canonical":"https:\/\/www.willa-nad-potokiem.pl\/index.php\/bialka-tatrzanska-pogoda\/","og_locale":"pl_PL","og_type":"article","og_title":"- Willa Nad Potokiem","og_description":"Prognoza pogody Zakopane na najbli\u017csze 4 dni Prawdopodobie\u0144stwo i jako\u015b\u0107 modeli prognozy pogody jest bardzo niska je\u015bli j\u0105 sprawdzamy wcze\u015bniej ni\u017c 3-4 dni przed danym dniem, wi\u0119c nie ma sensu jej sprawdza\u0107. Najlepiej jest sprawdza\u0107 pogod\u0119 w tym samym dniu bo np.deszcz mo\u017ce te\u017c si\u0119 przesun\u0105\u0107 na kolejne dni. Warto r\u00f3wnie\u017c zwraca\u0107 na milimetry (mm)... Continue Reading","og_url":"https:\/\/www.willa-nad-potokiem.pl\/index.php\/bialka-tatrzanska-pogoda\/","og_site_name":"Willa Nad Potokiem","article_modified_time":"2023-07-15T17:41:29+00:00","twitter_card":"summary_large_image","twitter_misc":{"Szacowany czas czytania":"1 minuta"},"schema":{"@context":"https:\/\/schema.org","@graph":[{"@type":"WebPage","@id":"https:\/\/www.willa-nad-potokiem.pl\/index.php\/bialka-tatrzanska-pogoda\/","url":"https:\/\/www.willa-nad-potokiem.pl\/index.php\/bialka-tatrzanska-pogoda\/","name":"- Willa Nad Potokiem","isPartOf":{"@id":"https:\/\/www.willa-nad-potokiem.pl\/#website"},"datePublished":"2023-05-06T17:02:43+00:00","dateModified":"2023-07-15T17:41:29+00:00","inLanguage":"pl-PL","potentialAction":[{"@type":"ReadAction","target":["https:\/\/www.willa-nad-potokiem.pl\/index.php\/bialka-tatrzanska-pogoda\/"]}]},{"@type":"WebSite","@id":"https:\/\/www.willa-nad-potokiem.pl\/#website","url":"https:\/\/www.willa-nad-potokiem.pl\/","name":"Willa Nad Potokiem","description":"nocleg w centrum Bia\u0142ki Tatrza\u0144skiej (bez po\u015brednik&oacute;w)","potentialAction":[{"@type":"SearchAction","target":{"@type":"EntryPoint","urlTemplate":"https:\/\/www.willa-nad-potokiem.pl\/?s={search_term_string}"},"query-input":{"@type":"PropertyValueSpecification","valueRequired":true,"valueName":"search_term_string"}}],"inLanguage":"pl-PL"}]}},"jetpack_sharing_enabled":true,"_links":{"self":[{"href":"https:\/\/www.willa-nad-potokiem.pl\/index.php\/wp-json\/wp\/v2\/pages\/1568","targetHints":{"allow":["GET"]}}],"collection":[{"href":"https:\/\/www.willa-nad-potokiem.pl\/index.php\/wp-json\/wp\/v2\/pages"}],"about":[{"href":"https:\/\/www.willa-nad-potokiem.pl\/index.php\/wp-json\/wp\/v2\/types\/page"}],"author":[{"embeddable":true,"href":"https:\/\/www.willa-nad-potokiem.pl\/index.php\/wp-json\/wp\/v2\/users\/1"}],"replies":[{"embeddable":true,"href":"https:\/\/www.willa-nad-potokiem.pl\/index.php\/wp-json\/wp\/v2\/comments?post=1568"}],"version-history":[{"count":9,"href":"https:\/\/www.willa-nad-potokiem.pl\/index.php\/wp-json\/wp\/v2\/pages\/1568\/revisions"}],"predecessor-version":[{"id":1737,"href":"https:\/\/www.willa-nad-potokiem.pl\/index.php\/wp-json\/wp\/v2\/pages\/1568\/revisions\/1737"}],"wp:attachment":[{"href":"https:\/\/www.willa-nad-potokiem.pl\/index.php\/wp-json\/wp\/v2\/media?parent=1568"}],"curies":[{"name":"wp","href":"https:\/\/api.w.org\/{rel}","templated":true}]}}